{"id":223,"date":"2024-03-17T13:11:45","date_gmt":"2024-03-17T12:11:45","guid":{"rendered":"https:\/\/modebat.com\/?page_id=223"},"modified":"2024-03-17T14:54:14","modified_gmt":"2024-03-17T13:54:14","slug":"deconstruction-et-demantelement","status":"publish","type":"page","link":"https:\/\/modebat.com\/?page_id=223","title":{"rendered":"D\u00c9CONSTRUCTION ET D\u00c9MANT\u00c8LEMENT"},"content":{"rendered":"\n<h2 class=\"wp-block-heading has-text-align-center has-large-font-size\" style=\"font-style:normal;font-weight:500\">D\u00c9CONSTRUCTION ET D\u00c9MANT\u00c8LEMENT<\/h2>\n\n\n\n<div style=\"height:33px\" aria-hidden=\"true\" class=\"wp-block-spacer\"><\/div>\n\n\n\n<figure class=\"wp-block-image size-large\"><img fetchpriority=\"high\" decoding=\"async\" width=\"1024\" height=\"596\" src=\"https:\/\/modebat.com\/wp-content\/uploads\/2024\/03\/shutterstock_1964960371-1024x596.jpg\" alt=\"\" class=\"wp-image-18\" srcset=\"https:\/\/modebat.com\/wp-content\/uploads\/2024\/03\/shutterstock_1964960371-1024x596.jpg 1024w, https:\/\/modebat.com\/wp-content\/uploads\/2024\/03\/shutterstock_1964960371-300x175.jpg 300w, https:\/\/modebat.com\/wp-content\/uploads\/2024\/03\/shutterstock_1964960371-768x447.jpg 768w, https:\/\/modebat.com\/wp-content\/uploads\/2024\/03\/shutterstock_1964960371-1536x894.jpg 1536w, https:\/\/modebat.com\/wp-content\/uploads\/2024\/03\/shutterstock_1964960371-2048x1192.jpg 2048w\" sizes=\"(max-width: 1024px) 100vw, 1024px\" \/><\/figure>\n\n\n\n<div style=\"height:47px\" aria-hidden=\"true\" class=\"wp-block-spacer\"><\/div>\n\n\n\n<p><em>MODEBAT vous accompagne dans la pr\u00e9paration, la r\u00e9flexion, les \u00e9tudes et le suivi des travaux de cette ultime phase de vie des structures b\u00e2ties par l\u2019\u00eatre humain.<\/em><\/p>\n\n\n\n<p><em>La gestion de la fin de vie des ouvrages urbains et industriels fait appel \u00e0 des comp\u00e9tences sp\u00e9cifiques qui conjuguent technique et r\u00e9glementation en mati\u00e8re de d\u00e9construction.<\/em><\/p>\n\n\n\n<p><strong><u>Nos missions&nbsp;:<\/u><\/strong><\/p>\n\n\n\n<ul class=\"wp-block-list\">\n<li>ETUDE DE FAISABILIT\u00c9 DE D\u00c9CONSTRUCTION<\/li>\n\n\n\n<li>GESTION DES R\u00c9HABILITATIONS DE FRICHES COMPLEXES<\/li>\n\n\n\n<li>ASSISTANCE A MA\u00ceTRISE D\u2019OUVRAGE<\/li>\n\n\n\n<li>GESTION DE L\u2019\u00c9CONOMIE CIRCULAIRE ET DU R\u00c9EMPLOI<\/li>\n\n\n\n<li>MA\u00ceTRISE D\u2019OEUVRE DE D\u00c9CONSTRUCTION<\/li>\n\n\n\n<li>D\u00c9MANTELEMENT INDUSTRIEL<\/li>\n\n\n\n<li>MISSION OPC \u2013 ORDONNANCEMENT, PILOTAGE ET COORDINATION DE TRAVAUX<\/li>\n<\/ul>\n\n\n\n<div style=\"height:44px\" aria-hidden=\"true\" class=\"wp-block-spacer\"><\/div>\n","protected":false},"excerpt":{"rendered":"<p>D\u00c9CONSTRUCTION ET D\u00c9MANT\u00c8LEMENT MODEBAT vous accompagne dans la pr\u00e9paration, la r\u00e9flexion, les \u00e9tudes et le suivi des travaux de cette ultime phase de vie des structures b\u00e2ties par l\u2019\u00eatre humain. La gestion de la fin de vie des ouvrages urbains et industriels fait appel \u00e0 des comp\u00e9tences sp\u00e9cifiques qui conjuguent technique et r\u00e9glementation en mati\u00e8re de d\u00e9construction. Nos missions&nbsp;:<\/p>\n","protected":false},"author":1,"featured_media":0,"parent":48,"menu_order":1,"comment_status":"closed","ping_status":"closed","template":"page-templates\/full-width-container.php","meta":{"_acf_changed":false,"_eb_attr":"","om_disable_all_campaigns":false,"_monsterinsights_skip_tracking":false,"_monsterinsights_sitenote_active":false,"_monsterinsights_sitenote_note":"","_monsterinsights_sitenote_category":0,"footnotes":""},"class_list":["post-223","page","type-page","status-publish","hentry"],"acf":[],"aioseo_notices":[],"_links":{"self":[{"href":"https:\/\/modebat.com\/index.php?rest_route=\/wp\/v2\/pages\/223","targetHints":{"allow":["GET"]}}],"collection":[{"href":"https:\/\/modebat.com\/index.php?rest_route=\/wp\/v2\/pages"}],"about":[{"href":"https:\/\/modebat.com\/index.php?rest_route=\/wp\/v2\/types\/page"}],"author":[{"embeddable":true,"href":"https:\/\/modebat.com\/index.php?rest_route=\/wp\/v2\/users\/1"}],"replies":[{"embeddable":true,"href":"https:\/\/modebat.com\/index.php?rest_route=%2Fwp%2Fv2%2Fcomments&post=223"}],"version-history":[{"count":4,"href":"https:\/\/modebat.com\/index.php?rest_route=\/wp\/v2\/pages\/223\/revisions"}],"predecessor-version":[{"id":251,"href":"https:\/\/modebat.com\/index.php?rest_route=\/wp\/v2\/pages\/223\/revisions\/251"}],"up":[{"embeddable":true,"href":"https:\/\/modebat.com\/index.php?rest_route=\/wp\/v2\/pages\/48"}],"wp:attachment":[{"href":"https:\/\/modebat.com\/index.php?rest_route=%2Fwp%2Fv2%2Fmedia&parent=223"}],"curies":[{"name":"wp","href":"https:\/\/api.w.org\/{rel}","templated":true}]}}