{"id":233,"date":"2024-03-17T14:29:19","date_gmt":"2024-03-17T13:29:19","guid":{"rendered":"https:\/\/modebat.com\/?page_id=233"},"modified":"2024-03-17T14:58:46","modified_gmt":"2024-03-17T13:58:46","slug":"economie-circulaire","status":"publish","type":"page","link":"https:\/\/modebat.com\/?page_id=233","title":{"rendered":"ECONOMIE CIRCULAIRE"},"content":{"rendered":"\n<div style=\"height:37px\" aria-hidden=\"true\" class=\"wp-block-spacer\"><\/div>\n\n\n\n<h2 class=\"wp-block-heading has-text-align-center has-large-font-size\" style=\"font-style:normal;font-weight:400\"><strong>ECONOMIE CIRCULAIRE<\/strong><\/h2>\n\n\n\n<div style=\"height:37px\" aria-hidden=\"true\" class=\"wp-block-spacer\"><\/div>\n\n\n\n<figure class=\"wp-block-image size-large\"><img fetchpriority=\"high\" decoding=\"async\" width=\"1024\" height=\"683\" src=\"https:\/\/modebat.com\/wp-content\/uploads\/2024\/03\/shutterstock_2212244157-1024x683.jpg\" alt=\"\" class=\"wp-image-21\" srcset=\"https:\/\/modebat.com\/wp-content\/uploads\/2024\/03\/shutterstock_2212244157-1024x683.jpg 1024w, https:\/\/modebat.com\/wp-content\/uploads\/2024\/03\/shutterstock_2212244157-300x200.jpg 300w, https:\/\/modebat.com\/wp-content\/uploads\/2024\/03\/shutterstock_2212244157-768x512.jpg 768w, https:\/\/modebat.com\/wp-content\/uploads\/2024\/03\/shutterstock_2212244157-1536x1024.jpg 1536w, https:\/\/modebat.com\/wp-content\/uploads\/2024\/03\/shutterstock_2212244157-2048x1365.jpg 2048w\" sizes=\"(max-width: 1024px) 100vw, 1024px\" \/><\/figure>\n\n\n\n<div style=\"height:37px\" aria-hidden=\"true\" class=\"wp-block-spacer\"><\/div>\n\n\n\n<p><strong>MODEBAT&nbsp;<\/strong>vous accompagne aussi dans une d\u00e9marche d\u2019<strong>\u00e9conomie<\/strong>&nbsp;<strong>circulaire<\/strong>. En effet, nous avons \u00e0 c\u0153ur de favoriser le r\u00e9emploi ou le recyclage de tout ou partie des b\u00e2timents que nous traitons.<\/p>\n\n\n\n<p>Afin de permettre cela, nous r\u00e9alisons des diagnostics&nbsp;<strong>Produits, Equipements, Mat\u00e9riaux, D\u00e9chets (PEMD) avant d\u00e9molition<\/strong>&nbsp;afin de quantifier l\u2019ensemble des \u00e9l\u00e9ments. Ce diagnostic quantitatif pr\u00e9cis permettra d\u2019\u00e9valuer ce qui pourra \u00eatre r\u00e9utilis\u00e9 dans sa forme originelle ou sous d\u2019autres formes comme pour les briques par exemple (concassage).<\/p>\n\n\n\n<p><strong><u>Nos missions&nbsp;:<\/u><\/strong><\/p>\n\n\n\n<ul class=\"wp-block-list\">\n<li>ETUDE DE FAISABILITE ET DE R\u00c9EMPLOI DE MATERIAUX<\/li>\n\n\n\n<li>ASSISTANCE A MA\u00ceTRISE D\u2019OUVRAGES POUR G\u00c9STION DE L\u2019ECONOMIE CIRCULAIRE<\/li>\n\n\n\n<li>R\u00c9ALISATION DES DIAGNOSTICS PEMD<\/li>\n<\/ul>\n\n\n\n<div style=\"height:37px\" aria-hidden=\"true\" class=\"wp-block-spacer\"><\/div>\n","protected":false},"excerpt":{"rendered":"<p>ECONOMIE CIRCULAIRE MODEBAT&nbsp;vous accompagne aussi dans une d\u00e9marche d\u2019\u00e9conomie&nbsp;circulaire. En effet, nous avons \u00e0 c\u0153ur de favoriser le r\u00e9emploi ou le recyclage de tout ou partie des b\u00e2timents que nous traitons. Afin de permettre cela, nous r\u00e9alisons des diagnostics&nbsp;Produits, Equipements, Mat\u00e9riaux, D\u00e9chets (PEMD) avant d\u00e9molition&nbsp;afin de quantifier l\u2019ensemble des \u00e9l\u00e9ments. Ce diagnostic quantitatif pr\u00e9cis permettra d\u2019\u00e9valuer ce qui pourra \u00eatre [&hellip;]<\/p>\n","protected":false},"author":1,"featured_media":0,"parent":48,"menu_order":4,"comment_status":"closed","ping_status":"closed","template":"page-templates\/full-width-container.php","meta":{"_acf_changed":false,"_eb_attr":"","om_disable_all_campaigns":false,"_monsterinsights_skip_tracking":false,"_monsterinsights_sitenote_active":false,"_monsterinsights_sitenote_note":"","_monsterinsights_sitenote_category":0,"footnotes":""},"class_list":["post-233","page","type-page","status-publish","hentry"],"acf":[],"aioseo_notices":[],"_links":{"self":[{"href":"https:\/\/modebat.com\/index.php?rest_route=\/wp\/v2\/pages\/233","targetHints":{"allow":["GET"]}}],"collection":[{"href":"https:\/\/modebat.com\/index.php?rest_route=\/wp\/v2\/pages"}],"about":[{"href":"https:\/\/modebat.com\/index.php?rest_route=\/wp\/v2\/types\/page"}],"author":[{"embeddable":true,"href":"https:\/\/modebat.com\/index.php?rest_route=\/wp\/v2\/users\/1"}],"replies":[{"embeddable":true,"href":"https:\/\/modebat.com\/index.php?rest_route=%2Fwp%2Fv2%2Fcomments&post=233"}],"version-history":[{"count":2,"href":"https:\/\/modebat.com\/index.php?rest_route=\/wp\/v2\/pages\/233\/revisions"}],"predecessor-version":[{"id":256,"href":"https:\/\/modebat.com\/index.php?rest_route=\/wp\/v2\/pages\/233\/revisions\/256"}],"up":[{"embeddable":true,"href":"https:\/\/modebat.com\/index.php?rest_route=\/wp\/v2\/pages\/48"}],"wp:attachment":[{"href":"https:\/\/modebat.com\/index.php?rest_route=%2Fwp%2Fv2%2Fmedia&parent=233"}],"curies":[{"name":"wp","href":"https:\/\/api.w.org\/{rel}","templated":true}]}}