{"id":48,"date":"2024-03-12T14:56:45","date_gmt":"2024-03-12T13:56:45","guid":{"rendered":"https:\/\/modebat.com\/?page_id=48"},"modified":"2024-03-19T22:40:27","modified_gmt":"2024-03-19T21:40:27","slug":"nos-activites","status":"publish","type":"page","link":"https:\/\/modebat.com\/?page_id=48","title":{"rendered":"NOS ACTIVITES"},"content":{"rendered":"\t\t<div data-elementor-type=\"wp-page\" data-elementor-id=\"48\" class=\"elementor elementor-48\">\n\t\t\t\t<div class=\"elementor-element elementor-element-ec3c8f3 e-grid e-con-boxed e-con e-parent\" data-id=\"ec3c8f3\" data-element_type=\"container\">\n\t\t\t\t\t<div class=\"e-con-inner\">\n\t\t\t\t<div class=\"elementor-element elementor-element-bafea7f elementor-widget elementor-widget-text-editor\" data-id=\"bafea7f\" data-element_type=\"widget\" data-widget_type=\"text-editor.default\">\n\t\t\t\t<div class=\"elementor-widget-container\">\n\t\t\t\t\t\t\t\t\t<p>MODEBAT, bureau d\u2019\u00e9tudes sp\u00e9cialis\u00e9 pour g\u00e9rer \u00e0 la fois vos projets de d\u00e9construction,\u00a0de\u00a0r\u00e9habilitation\u00a0et de\u00a0d\u00e9mant\u00e8lement en int\u00e9grant l\u2019ensemble des probl\u00e9matiques du traitements des\u00a0polluants, de la gestion des d\u00e9chets. MODEBAT \u00e0 une vision globale dans une d\u00e9marche d\u2019\u00e9conomie circulaire.<\/p>\n<p>Avec plus de 15 ans d\u2019exp\u00e9rience dans les projets de d\u00e9construction et de d\u00e9mant\u00e8lement, MODEBAT dispose d\u2019un savoir-faire technique, s\u00e9curitaire et organisationnel.<\/p>\t\t\t\t\t\t\t\t<\/div>\n\t\t\t\t<\/div>\n\t\t\t\t\t<\/div>\n\t\t\t\t<\/div>\n\t\t<div class=\"elementor-element elementor-element-c136fee e-grid e-con-boxed e-con e-parent\" data-id=\"c136fee\" data-element_type=\"container\">\n\t\t\t\t\t<div class=\"e-con-inner\">\n\t\t\t\t<div class=\"elementor-element elementor-element-02bd84d elementor-widget elementor-widget-image\" data-id=\"02bd84d\" data-element_type=\"widget\" data-widget_type=\"image.default\">\n\t\t\t\t<div class=\"elementor-widget-container\">\n\t\t\t\t\t\t\t\t\t\t\t\t<figure class=\"wp-caption\">\n\t\t\t\t\t\t\t\t\t\t\t<a href=\"https:\/\/modebat.com\/?page_id=223\">\n\t\t\t\t\t\t\t<img fetchpriority=\"high\" decoding=\"async\" width=\"512\" height=\"512\" src=\"https:\/\/modebat.com\/wp-content\/uploads\/2024\/03\/ICONE_Demolition.png\" class=\"attachment-large size-large wp-image-127\" alt=\"\" srcset=\"https:\/\/modebat.com\/wp-content\/uploads\/2024\/03\/ICONE_Demolition.png 512w, https:\/\/modebat.com\/wp-content\/uploads\/2024\/03\/ICONE_Demolition-300x300.png 300w, https:\/\/modebat.com\/wp-content\/uploads\/2024\/03\/ICONE_Demolition-150x150.png 150w\" sizes=\"(max-width: 512px) 100vw, 512px\" \/>\t\t\t\t\t\t\t\t<\/a>\n\t\t\t\t\t\t\t\t\t\t\t<figcaption class=\"widget-image-caption wp-caption-text\">D\u00c9CONSTRUCTION ET D\u00c9MANT\u00c8LEMENT<\/figcaption>\n\t\t\t\t\t\t\t\t\t\t<\/figure>\n\t\t\t\t\t\t\t\t\t<\/div>\n\t\t\t\t<\/div>\n\t\t\t\t<div class=\"elementor-element elementor-element-fba7947 elementor-widget elementor-widget-image\" data-id=\"fba7947\" data-element_type=\"widget\" data-widget_type=\"image.default\">\n\t\t\t\t<div class=\"elementor-widget-container\">\n\t\t\t\t\t\t\t\t\t\t\t\t<figure class=\"wp-caption\">\n\t\t\t\t\t\t\t\t\t\t\t<a href=\"https:\/\/modebat.com\/?page_id=195\">\n\t\t\t\t\t\t\t<img decoding=\"async\" width=\"507\" height=\"505\" src=\"https:\/\/modebat.com\/wp-content\/uploads\/2024\/03\/ICONE_Amiante.png\" class=\"attachment-large size-large wp-image-363\" alt=\"\" srcset=\"https:\/\/modebat.com\/wp-content\/uploads\/2024\/03\/ICONE_Amiante.png 507w, https:\/\/modebat.com\/wp-content\/uploads\/2024\/03\/ICONE_Amiante-300x300.png 300w, https:\/\/modebat.com\/wp-content\/uploads\/2024\/03\/ICONE_Amiante-150x150.png 150w\" sizes=\"(max-width: 507px) 100vw, 507px\" \/>\t\t\t\t\t\t\t\t<\/a>\n\t\t\t\t\t\t\t\t\t\t\t<figcaption class=\"widget-image-caption wp-caption-text\">GESTION DE L\u2019AMIANTE ET DU PLOMB<\/figcaption>\n\t\t\t\t\t\t\t\t\t\t<\/figure>\n\t\t\t\t\t\t\t\t\t<\/div>\n\t\t\t\t<\/div>\n\t\t\t\t<div class=\"elementor-element elementor-element-829e4bd elementor-widget elementor-widget-image\" data-id=\"829e4bd\" data-element_type=\"widget\" data-widget_type=\"image.default\">\n\t\t\t\t<div class=\"elementor-widget-container\">\n\t\t\t\t\t\t\t\t\t\t\t\t<figure class=\"wp-caption\">\n\t\t\t\t\t\t\t\t\t\t\t<a href=\"https:\/\/modebat.com\/?page_id=257\">\n\t\t\t\t\t\t\t<img decoding=\"async\" width=\"512\" height=\"512\" src=\"https:\/\/modebat.com\/wp-content\/uploads\/2024\/03\/ICONE_Pollution-1.png\" class=\"attachment-large size-large wp-image-139\" alt=\"\" srcset=\"https:\/\/modebat.com\/wp-content\/uploads\/2024\/03\/ICONE_Pollution-1.png 512w, https:\/\/modebat.com\/wp-content\/uploads\/2024\/03\/ICONE_Pollution-1-300x300.png 300w, https:\/\/modebat.com\/wp-content\/uploads\/2024\/03\/ICONE_Pollution-1-150x150.png 150w\" sizes=\"(max-width: 512px) 100vw, 512px\" \/>\t\t\t\t\t\t\t\t<\/a>\n\t\t\t\t\t\t\t\t\t\t\t<figcaption class=\"widget-image-caption wp-caption-text\">GESTION DES SITES ET SOLS POLLUES<\/figcaption>\n\t\t\t\t\t\t\t\t\t\t<\/figure>\n\t\t\t\t\t\t\t\t\t<\/div>\n\t\t\t\t<\/div>\n\t\t\t\t<div class=\"elementor-element elementor-element-c8edd56 elementor-widget elementor-widget-image\" data-id=\"c8edd56\" data-element_type=\"widget\" data-widget_type=\"image.default\">\n\t\t\t\t<div class=\"elementor-widget-container\">\n\t\t\t\t\t\t\t\t\t\t\t\t<figure class=\"wp-caption\">\n\t\t\t\t\t\t\t\t\t\t\t<a href=\"https:\/\/modebat.com\/?page_id=230\">\n\t\t\t\t\t\t\t<img loading=\"lazy\" decoding=\"async\" width=\"386\" height=\"203\" src=\"https:\/\/modebat.com\/wp-content\/uploads\/2024\/03\/ICONE_PEMD.png\" class=\"attachment-large size-large wp-image-367\" alt=\"\" srcset=\"https:\/\/modebat.com\/wp-content\/uploads\/2024\/03\/ICONE_PEMD.png 386w, https:\/\/modebat.com\/wp-content\/uploads\/2024\/03\/ICONE_PEMD-300x158.png 300w\" sizes=\"(max-width: 386px) 100vw, 386px\" \/>\t\t\t\t\t\t\t\t<\/a>\n\t\t\t\t\t\t\t\t\t\t\t<figcaption class=\"widget-image-caption wp-caption-text\">LE DIAGNOSTIC P.E.M.D.<\/figcaption>\n\t\t\t\t\t\t\t\t\t\t<\/figure>\n\t\t\t\t\t\t\t\t\t<\/div>\n\t\t\t\t<\/div>\n\t\t\t\t<div class=\"elementor-element elementor-element-02dcda9 elementor-widget elementor-widget-image\" data-id=\"02dcda9\" data-element_type=\"widget\" data-widget_type=\"image.default\">\n\t\t\t\t<div class=\"elementor-widget-container\">\n\t\t\t\t\t\t\t\t\t\t\t\t<figure class=\"wp-caption\">\n\t\t\t\t\t\t\t\t\t\t\t<a href=\"https:\/\/modebat.com\/?page_id=233\">\n\t\t\t\t\t\t\t<img loading=\"lazy\" decoding=\"async\" width=\"512\" height=\"512\" src=\"https:\/\/modebat.com\/wp-content\/uploads\/2024\/03\/ICONE_Economie-Verte-1.png\" class=\"attachment-large size-large wp-image-138\" alt=\"\" srcset=\"https:\/\/modebat.com\/wp-content\/uploads\/2024\/03\/ICONE_Economie-Verte-1.png 512w, https:\/\/modebat.com\/wp-content\/uploads\/2024\/03\/ICONE_Economie-Verte-1-300x300.png 300w, https:\/\/modebat.com\/wp-content\/uploads\/2024\/03\/ICONE_Economie-Verte-1-150x150.png 150w\" sizes=\"(max-width: 512px) 100vw, 512px\" \/>\t\t\t\t\t\t\t\t<\/a>\n\t\t\t\t\t\t\t\t\t\t\t<figcaption class=\"widget-image-caption wp-caption-text\">ECONOMIE CIRCULAIRE<\/figcaption>\n\t\t\t\t\t\t\t\t\t\t<\/figure>\n\t\t\t\t\t\t\t\t\t<\/div>\n\t\t\t\t<\/div>\n\t\t\t\t\t<\/div>\n\t\t\t\t<\/div>\n\t\t<div class=\"elementor-element elementor-element-2286910 e-flex e-con-boxed e-con e-parent\" data-id=\"2286910\" data-element_type=\"container\">\n\t\t\t\t\t<div class=\"e-con-inner\">\n\t\t\t\t<div class=\"elementor-element elementor-element-f12d976 elementor-widget elementor-widget-spacer\" data-id=\"f12d976\" data-element_type=\"widget\" data-widget_type=\"spacer.default\">\n\t\t\t\t<div class=\"elementor-widget-container\">\n\t\t\t\t\t\t\t<div class=\"elementor-spacer\">\n\t\t\t<div class=\"elementor-spacer-inner\"><\/div>\n\t\t<\/div>\n\t\t\t\t\t\t<\/div>\n\t\t\t\t<\/div>\n\t\t\t\t\t<\/div>\n\t\t\t\t<\/div>\n\t\t<div class=\"elementor-element elementor-element-6957fb0 e-grid e-con-boxed e-con e-parent\" data-id=\"6957fb0\" data-element_type=\"container\">\n\t\t\t\t\t<div class=\"e-con-inner\">\n\t\t\t\t<div class=\"elementor-element elementor-element-1dece96 elementor-arrows-position-inside elementor-pagination-position-outside elementor-widget elementor-widget-image-carousel\" data-id=\"1dece96\" data-element_type=\"widget\" data-settings=\"{&quot;navigation&quot;:&quot;both&quot;,&quot;autoplay&quot;:&quot;yes&quot;,&quot;pause_on_hover&quot;:&quot;yes&quot;,&quot;pause_on_interaction&quot;:&quot;yes&quot;,&quot;autoplay_speed&quot;:5000,&quot;infinite&quot;:&quot;yes&quot;,&quot;speed&quot;:500}\" data-widget_type=\"image-carousel.default\">\n\t\t\t\t<div class=\"elementor-widget-container\">\n\t\t\t\t\t\t\t<div class=\"elementor-image-carousel-wrapper swiper\" role=\"region\" aria-roledescription=\"carousel\" aria-label=\"Image Carousel\" dir=\"ltr\">\n\t\t\t<div class=\"elementor-image-carousel swiper-wrapper\" aria-live=\"off\">\n\t\t\t\t\t\t\t\t<div class=\"swiper-slide\" role=\"group\" aria-roledescription=\"slide\" aria-label=\"1 of 6\"><figure class=\"swiper-slide-inner\"><img decoding=\"async\" class=\"swiper-slide-image\" src=\"https:\/\/modebat.com\/wp-content\/uploads\/2024\/03\/Photo_Grignotage-825x400.jpg\" alt=\"Demolition,Of,The,Old,Building,With,Sloopkraan.,Residential,House,,Highrise\" \/><\/figure><\/div><div class=\"swiper-slide\" role=\"group\" aria-roledescription=\"slide\" aria-label=\"2 of 6\"><figure class=\"swiper-slide-inner\"><img decoding=\"async\" class=\"swiper-slide-image\" src=\"https:\/\/modebat.com\/wp-content\/uploads\/2024\/03\/Photo_Drone-Deconstruction-825x400.jpg\" alt=\"Drone,Inspecting,Construction,Demolition,Site,Or,Building,Area\" \/><\/figure><\/div><div class=\"swiper-slide\" role=\"group\" aria-roledescription=\"slide\" aria-label=\"3 of 6\"><figure class=\"swiper-slide-inner\"><img decoding=\"async\" class=\"swiper-slide-image\" src=\"https:\/\/modebat.com\/wp-content\/uploads\/2024\/03\/Photo_Materiautheque-825x400.jpg\" alt=\"Reusable,Waste,From,Old,Houses,And,Buildings\" \/><\/figure><\/div><div class=\"swiper-slide\" role=\"group\" aria-roledescription=\"slide\" aria-label=\"4 of 6\"><figure class=\"swiper-slide-inner\"><img decoding=\"async\" class=\"swiper-slide-image\" src=\"https:\/\/modebat.com\/wp-content\/uploads\/2024\/03\/Photo_Demolition-Pelle-825x400.jpg\" alt=\"Demolition,On,Building,Site,With,Excavator\" \/><\/figure><\/div><div class=\"swiper-slide\" role=\"group\" aria-roledescription=\"slide\" aria-label=\"5 of 6\"><figure class=\"swiper-slide-inner\"><img decoding=\"async\" class=\"swiper-slide-image\" src=\"https:\/\/modebat.com\/wp-content\/uploads\/2024\/03\/Photo_BigBag-Amiante-825x400.jpg\" alt=\"Turin,,Italy,-,July,2013:,Asbestos,Disposed,Of,In,The\" \/><\/figure><\/div><div class=\"swiper-slide\" role=\"group\" aria-roledescription=\"slide\" aria-label=\"6 of 6\"><figure class=\"swiper-slide-inner\"><img decoding=\"async\" class=\"swiper-slide-image\" src=\"https:\/\/modebat.com\/wp-content\/uploads\/2024\/03\/Illustration_Etude-Amiante-825x400.jpg\" alt=\"Dangerous,Asbestos,Roof:,One,Of,The,Most,Dangerous,Materials,In\" \/><\/figure><\/div>\t\t\t<\/div>\n\t\t\t\t\t\t\t\t\t\t\t\t<div class=\"elementor-swiper-button elementor-swiper-button-prev\" role=\"button\" tabindex=\"0\">\n\t\t\t\t\t\t<svg aria-hidden=\"true\" class=\"e-font-icon-svg e-eicon-chevron-left\" viewBox=\"0 0 1000 1000\" xmlns=\"http:\/\/www.w3.org\/2000\/svg\"><path d=\"M646 125C629 125 613 133 604 142L308 442C296 454 292 471 292 487 292 504 296 521 308 533L604 854C617 867 629 875 646 875 663 875 679 871 692 858 704 846 713 829 713 812 713 796 708 779 692 767L438 487 692 225C700 217 708 204 708 187 708 171 704 154 692 142 675 129 663 125 646 125Z\"><\/path><\/svg>\t\t\t\t\t<\/div>\n\t\t\t\t\t<div class=\"elementor-swiper-button elementor-swiper-button-next\" role=\"button\" tabindex=\"0\">\n\t\t\t\t\t\t<svg aria-hidden=\"true\" class=\"e-font-icon-svg e-eicon-chevron-right\" viewBox=\"0 0 1000 1000\" xmlns=\"http:\/\/www.w3.org\/2000\/svg\"><path d=\"M696 533C708 521 713 504 713 487 713 471 708 454 696 446L400 146C388 133 375 125 354 125 338 125 325 129 313 142 300 154 292 171 292 187 292 204 296 221 308 233L563 492 304 771C292 783 288 800 288 817 288 833 296 850 308 863 321 871 338 875 354 875 371 875 388 867 400 854L696 533Z\"><\/path><\/svg>\t\t\t\t\t<\/div>\n\t\t\t\t\n\t\t\t\t\t\t\t\t\t<div class=\"swiper-pagination\"><\/div>\n\t\t\t\t\t\t\t\t\t<\/div>\n\t\t\t\t\t\t<\/div>\n\t\t\t\t<\/div>\n\t\t\t\t\t<\/div>\n\t\t\t\t<\/div>\n\t\t\t\t<\/div>\n\t\t","protected":false},"excerpt":{"rendered":"<p>MODEBAT, bureau d\u2019\u00e9tudes sp\u00e9cialis\u00e9 pour g\u00e9rer \u00e0 la fois vos projets de d\u00e9construction,\u00a0de\u00a0r\u00e9habilitation\u00a0et de\u00a0d\u00e9mant\u00e8lement en int\u00e9grant l\u2019ensemble des probl\u00e9matiques du traitements des\u00a0polluants, de la gestion des d\u00e9chets. MODEBAT \u00e0 une vision globale dans une d\u00e9marche d\u2019\u00e9conomie circulaire. Avec plus de 15 ans d\u2019exp\u00e9rience dans les projets de d\u00e9construction et de d\u00e9mant\u00e8lement, MODEBAT dispose d\u2019un savoir-faire technique, s\u00e9curitaire et organisationnel. D\u00c9CONSTRUCTION [&hellip;]<\/p>\n","protected":false},"author":1,"featured_media":0,"parent":0,"menu_order":0,"comment_status":"closed","ping_status":"closed","template":"","meta":{"_acf_changed":false,"_eb_attr":"","om_disable_all_campaigns":false,"_monsterinsights_skip_tracking":false,"_monsterinsights_sitenote_active":false,"_monsterinsights_sitenote_note":"","_monsterinsights_sitenote_category":0,"footnotes":""},"class_list":["post-48","page","type-page","status-publish","hentry"],"acf":[],"aioseo_notices":[],"_links":{"self":[{"href":"https:\/\/modebat.com\/index.php?rest_route=\/wp\/v2\/pages\/48","targetHints":{"allow":["GET"]}}],"collection":[{"href":"https:\/\/modebat.com\/index.php?rest_route=\/wp\/v2\/pages"}],"about":[{"href":"https:\/\/modebat.com\/index.php?rest_route=\/wp\/v2\/types\/page"}],"author":[{"embeddable":true,"href":"https:\/\/modebat.com\/index.php?rest_route=\/wp\/v2\/users\/1"}],"replies":[{"embeddable":true,"href":"https:\/\/modebat.com\/index.php?rest_route=%2Fwp%2Fv2%2Fcomments&post=48"}],"version-history":[{"count":54,"href":"https:\/\/modebat.com\/index.php?rest_route=\/wp\/v2\/pages\/48\/revisions"}],"predecessor-version":[{"id":379,"href":"https:\/\/modebat.com\/index.php?rest_route=\/wp\/v2\/pages\/48\/revisions\/379"}],"wp:attachment":[{"href":"https:\/\/modebat.com\/index.php?rest_route=%2Fwp%2Fv2%2Fmedia&parent=48"}],"curies":[{"name":"wp","href":"https:\/\/api.w.org\/{rel}","templated":true}]}}