{"id":50,"date":"2024-03-12T14:57:07","date_gmt":"2024-03-12T13:57:07","guid":{"rendered":"https:\/\/modebat.com\/?page_id=50"},"modified":"2024-08-22T15:50:02","modified_gmt":"2024-08-22T13:50:02","slug":"a-propos","status":"publish","type":"page","link":"https:\/\/modebat.com\/?page_id=50","title":{"rendered":"A PROPOS"},"content":{"rendered":"<div class=\"wp-block-image\">\n<figure class=\"aligncenter size-large is-resized\"><img fetchpriority=\"high\" decoding=\"async\" width=\"1024\" height=\"616\" src=\"https:\/\/modebat.com\/wp-content\/uploads\/2024\/03\/LOGO_Modebat_sans-fond-1024x616.png\" alt=\"\" class=\"wp-image-135\" style=\"width:409px;height:auto\" srcset=\"https:\/\/modebat.com\/wp-content\/uploads\/2024\/03\/LOGO_Modebat_sans-fond-1024x616.png 1024w, https:\/\/modebat.com\/wp-content\/uploads\/2024\/03\/LOGO_Modebat_sans-fond-300x181.png 300w, https:\/\/modebat.com\/wp-content\/uploads\/2024\/03\/LOGO_Modebat_sans-fond-768x462.png 768w, https:\/\/modebat.com\/wp-content\/uploads\/2024\/03\/LOGO_Modebat_sans-fond-1536x924.png 1536w, https:\/\/modebat.com\/wp-content\/uploads\/2024\/03\/LOGO_Modebat_sans-fond.png 1861w\" sizes=\"(max-width: 1024px) 100vw, 1024px\" \/><\/figure>\n<\/div>\n\n<h1 style=\"text-align: center;\"><strong>Qui sommes-nous ?<\/strong><\/h1>\n\n\n<div class=\"wp-block-columns is-layout-flex wp-container-core-columns-is-layout-9d6595d7 wp-block-columns-is-layout-flex\">\n<div class=\"wp-block-column is-layout-flow wp-block-column-is-layout-flow\">\n<figure class=\"wp-block-image size-full is-resized\"><img decoding=\"async\" width=\"512\" height=\"512\" src=\"https:\/\/modebat.com\/wp-content\/uploads\/2024\/03\/ICONE_Economie-Verte.png\" alt=\"\" class=\"wp-image-128\" style=\"width:274px;height:auto\" srcset=\"https:\/\/modebat.com\/wp-content\/uploads\/2024\/03\/ICONE_Economie-Verte.png 512w, https:\/\/modebat.com\/wp-content\/uploads\/2024\/03\/ICONE_Economie-Verte-300x300.png 300w, https:\/\/modebat.com\/wp-content\/uploads\/2024\/03\/ICONE_Economie-Verte-150x150.png 150w\" sizes=\"(max-width: 512px) 100vw, 512px\" \/><\/figure>\n\n\n\n<p>Les besoins des populations et des<br \/>activit\u00e9s changent. Pour cela, les<br \/>entreprises doivent sans cesse<br \/>s\u2019adapter. C\u2019est ainsi que les villes<br \/>\u00e9voluent, se r\u00e9inventent et se<br \/>reconstruisent.\u00a0<\/p>\n<\/div>\n\n\n\n<div class=\"wp-block-column is-layout-flow wp-block-column-is-layout-flow\">\n<figure class=\"wp-block-image size-full is-resized\"><img decoding=\"async\" width=\"512\" height=\"512\" src=\"https:\/\/modebat.com\/wp-content\/uploads\/2024\/03\/ICONE_Demolition.png\" alt=\"\" class=\"wp-image-127\" style=\"width:276px;height:auto\" srcset=\"https:\/\/modebat.com\/wp-content\/uploads\/2024\/03\/ICONE_Demolition.png 512w, https:\/\/modebat.com\/wp-content\/uploads\/2024\/03\/ICONE_Demolition-300x300.png 300w, https:\/\/modebat.com\/wp-content\/uploads\/2024\/03\/ICONE_Demolition-150x150.png 150w\" sizes=\"(max-width: 512px) 100vw, 512px\" \/><\/figure>\n\n\n\n<p><strong>MODEBAT<\/strong>\u00a0est sp\u00e9cialis\u00e9 dans la d\u00e9construction s\u00e9lective et r\u00e9fl\u00e9chie d\u2019\u00e9l\u00e9ments b\u00e2tis, en vue d\u2019en recycler ou r\u00e9utiliser tout ou partie des mat\u00e9riaux.<\/p>\n<\/div>\n\n\n\n<div class=\"wp-block-column is-layout-flow wp-block-column-is-layout-flow\">\n<figure class=\"wp-block-image size-full is-resized\"><img loading=\"lazy\" decoding=\"async\" width=\"512\" height=\"512\" src=\"https:\/\/modebat.com\/wp-content\/uploads\/2024\/03\/ICONE_Pollution.png\" alt=\"\" class=\"wp-image-129\" style=\"width:257px;height:auto\" srcset=\"https:\/\/modebat.com\/wp-content\/uploads\/2024\/03\/ICONE_Pollution.png 512w, https:\/\/modebat.com\/wp-content\/uploads\/2024\/03\/ICONE_Pollution-300x300.png 300w, https:\/\/modebat.com\/wp-content\/uploads\/2024\/03\/ICONE_Pollution-150x150.png 150w\" sizes=\"(max-width: 512px) 100vw, 512px\" \/><\/figure>\n\n\n\n<p><strong>MODEBAT<\/strong> a un niveau d\u2019expertise dans la gestion du risque amiante, qui constitue un des enjeux majeurs dans les op\u00e9rations de B\u00e2timent, aussi bien dans le cas de projets de d\u00e9construction que de r\u00e9habilitation.<\/p>\n<\/div>\n<\/div>\n\n\n\n<div style=\"height:51px\" aria-hidden=\"true\" class=\"wp-block-spacer\"><\/div>\n\n\n<p>Pour accompagner ces transformations,\u00a0<strong>MODEBAT<\/strong> acteur de la d\u00e9construction et du recyclage \u00e9volue lui aussi.<\/p>\n<p><strong>MODEBAT<\/strong> est sp\u00e9cialis\u00e9 dans la Maitrise d\u2019\u0153uvre de d\u00e9construction et de d\u00e9mant\u00e8lement dans le cadre d\u2019op\u00e9rations d\u2019am\u00e9nagements, de reconversion de friches industrielles et urbaines, ou de r\u00e9habilitation de b\u00e2timents.<\/p>\n<p><strong>MODEBAT<\/strong>\u00a0est en mesure d\u2019accompagner ses clients (Industriels, Bailleurs sociaux, Collectivit\u00e9s, Propri\u00e9taires fonciers, etc\u2026) dans tous types d\u2019op\u00e9rations int\u00e9grant une probl\u00e9matique li\u00e9e \u00e0 la pr\u00e9sence d\u2019amiante dans les composants de la construction, ou dans des \u00e9quipements industriels, y compris en site occup\u00e9.<\/p>\n<p><strong>MODEBAT<\/strong>\u00a0propose un panel complet de prestations adapt\u00e9 \u00e0 chacun des besoins exprim\u00e9s par ses clients par la r\u00e9alisation en interne ou par l\u2019interm\u00e9diaire de son \u00e9quipe de sous-traitant sp\u00e9cialis\u00e9.<\/p>\n\n\n<div style=\"height:32px\" aria-hidden=\"true\" class=\"wp-block-spacer\"><\/div>\n\n\n<div class=\"wp-block-image\">\n<figure class=\"aligncenter size-large is-resized\"><img loading=\"lazy\" decoding=\"async\" width=\"1024\" height=\"576\" src=\"https:\/\/modebat.com\/wp-content\/uploads\/2024\/03\/shutterstock_284824652-1024x576.jpg\" alt=\"\" class=\"wp-image-13\" style=\"width:699px;height:auto\" srcset=\"https:\/\/modebat.com\/wp-content\/uploads\/2024\/03\/shutterstock_284824652-1024x576.jpg 1024w, https:\/\/modebat.com\/wp-content\/uploads\/2024\/03\/shutterstock_284824652-300x169.jpg 300w, https:\/\/modebat.com\/wp-content\/uploads\/2024\/03\/shutterstock_284824652-768x432.jpg 768w, https:\/\/modebat.com\/wp-content\/uploads\/2024\/03\/shutterstock_284824652-1536x864.jpg 1536w, https:\/\/modebat.com\/wp-content\/uploads\/2024\/03\/shutterstock_284824652-2048x1152.jpg 2048w\" sizes=\"(max-width: 1024px) 100vw, 1024px\" \/><\/figure>\n<\/div>\n\n<p><em><strong>MODEBAT<\/strong>\u00a0est profond\u00e9ment engag\u00e9 dans une d\u00e9marche d\u2019\u00e9conomie circulaire qui incarne notre vision pour un avenir plus durable.<\/em><\/p>\n<p>Nous croyons fermement qu\u2019en pr\u00e9servant et en valorisant les ressources naturelles de notre plan\u00e8te, nous pouvons contribuer activement \u00e0 la protection de l\u2019environnement et \u00e0 la r\u00e9duction de notre empreinte carbone.<\/p>\n<p><em><b>Dans cette optique, nous avons fait du\u00a0<\/b><\/em><strong><em>r\u00e9emploi et du recyclage des mat\u00e9riaux une pierre angulaire de notre activit\u00e9<\/em><\/strong><\/p>","protected":false},"excerpt":{"rendered":"<p>Qui sommes-nous ? Les besoins des populations et desactivit\u00e9s changent. Pour cela, lesentreprises doivent sans cesses\u2019adapter. C\u2019est ainsi que les villes\u00e9voluent, se r\u00e9inventent et sereconstruisent.\u00a0 MODEBAT\u00a0est sp\u00e9cialis\u00e9 dans la d\u00e9construction s\u00e9lective et r\u00e9fl\u00e9chie d\u2019\u00e9l\u00e9ments b\u00e2tis, en vue d\u2019en recycler ou r\u00e9utiliser tout ou partie des mat\u00e9riaux. MODEBAT a un niveau d\u2019expertise dans la gestion du risque amiante, qui constitue un [&hellip;]<\/p>\n","protected":false},"author":1,"featured_media":0,"parent":0,"menu_order":0,"comment_status":"closed","ping_status":"closed","template":"page-templates\/full-width-container.php","meta":{"_acf_changed":false,"_eb_attr":"","om_disable_all_campaigns":false,"_monsterinsights_skip_tracking":false,"_monsterinsights_sitenote_active":false,"_monsterinsights_sitenote_note":"","_monsterinsights_sitenote_category":0,"footnotes":""},"class_list":["post-50","page","type-page","status-publish","hentry"],"acf":[],"aioseo_notices":[],"_links":{"self":[{"href":"https:\/\/modebat.com\/index.php?rest_route=\/wp\/v2\/pages\/50","targetHints":{"allow":["GET"]}}],"collection":[{"href":"https:\/\/modebat.com\/index.php?rest_route=\/wp\/v2\/pages"}],"about":[{"href":"https:\/\/modebat.com\/index.php?rest_route=\/wp\/v2\/types\/page"}],"author":[{"embeddable":true,"href":"https:\/\/modebat.com\/index.php?rest_route=\/wp\/v2\/users\/1"}],"replies":[{"embeddable":true,"href":"https:\/\/modebat.com\/index.php?rest_route=%2Fwp%2Fv2%2Fcomments&post=50"}],"version-history":[{"count":13,"href":"https:\/\/modebat.com\/index.php?rest_route=\/wp\/v2\/pages\/50\/revisions"}],"predecessor-version":[{"id":404,"href":"https:\/\/modebat.com\/index.php?rest_route=\/wp\/v2\/pages\/50\/revisions\/404"}],"wp:attachment":[{"href":"https:\/\/modebat.com\/index.php?rest_route=%2Fwp%2Fv2%2Fmedia&parent=50"}],"curies":[{"name":"wp","href":"https:\/\/api.w.org\/{rel}","templated":true}]}}